{"id":89,"date":"2024-03-24T11:41:55","date_gmt":"2024-03-24T10:41:55","guid":{"rendered":"https:\/\/www.homeopatiakosice.sk\/?page_id=89"},"modified":"2024-12-28T20:57:54","modified_gmt":"2024-12-28T19:57:54","slug":"historia-homeopatie","status":"publish","type":"page","link":"https:\/\/www.homeopatiakosice.sk\/?page_id=89","title":{"rendered":"HIST\u00d3RIA HOMEOPATIE"},"content":{"rendered":"\n<p><strong>Z&nbsp;HIST\u00d3RIE HOMEOPATIE<\/strong><\/p>\n\n\n\n<p>U\u017e v 5. storo\u010d\u00ed pr.n.l. gr\u00e9cky lek\u00e1r Hippokrates (asi 460- asi 377) ako prv\u00fd vyslovil my\u0161lienku zalo\u017een\u00fa na princ\u00edpe ,,podobn\u00e9 nech je lie\u010den\u00e9 podobn\u00fdm&#8220;. T\u00e1to te\u00f3ria vych\u00e1dza z predpokladu, \u017ee l\u00e1tka, ktor\u00e1 je schopn\u00e1 vyvola\u0165 pr\u00edznaky ochorenia u zdrav\u00e9ho jedinca, dok\u00e1\u017ee lie\u010di\u0165 podobn\u00e9 pr\u00edznaky po\u010das choroby.<\/p>\n\n\n\n<p>Za zakladate\u013ea s\u00fa\u010dasnej homeopatie sa v\u0161ak pova\u017euje nemeck\u00fd lek\u00e1r, chemik a jazykovedec Samuel Christian Hahnemann (1755 \u2013 1843), ktor\u00fd na princ\u00edpe podobnosti vybudoval nov\u00fd syst\u00e9m lie\u010denia a&nbsp;jeho z\u00e1klady zhrnul v&nbsp;diele Organon. V\u010faka sk\u00fa\u0161aniu substanci\u00ed na zdrav\u00fdch \u013eu\u010foch sa pova\u017euje za zakladate\u013ea experiment\u00e1lnej farmakol\u00f3gie.<\/p>\n\n\n\n<p>Hahnemanna zaujal &nbsp;podrobn\u00fd opis \u00fa\u010dinkov chin\u00ednu pou\u017e\u00edvan\u00e9ho pri lie\u010dbe mal\u00e1rie. Napriek tomu, \u017ee s\u00e1m netrpel mal\u00e1riou, sa u&nbsp;neho po u\u017eit\u00ed&nbsp; d\u00e1vky chin\u00ednu z&nbsp;k\u00f4ry chin\u00ednovn\u00edka vyvinuli sympt\u00f3my toto\u017en\u00e9 so sympt\u00f3mami mal\u00e1rie. Rovnak\u00fd sp\u00f4sob overovania pou\u017e\u00edval aj u&nbsp;in\u00fdch substanci\u00ed, ktor\u00e9&nbsp; postupne aplikoval pri lie\u010dbe pacientov. Spo\u010diatku pou\u017e\u00edval v\u00e1\u017eite\u013en\u00e9 mno\u017estv\u00e1 l\u00e1tok, nesk\u00f4r ich ne\u017eiad\u00face \u00fa\u010dinky odstr\u00e1nil dynamiz\u00e1ciou a&nbsp;potencovan\u00edm.<\/p>\n\n\n\n<p>Hahnemann t\u00fdmito experimentmi potvrdil Hippokratov princ\u00edp <em><b>&#8220; podobn\u00e9 nech je lie\u010den\u00e9 podobn\u00fdm<\/b> <strong>&#8211; similia similibus curentur<\/strong><\/em> &#8220; a lie\u010dbu, ktor\u00e1 vyu\u017e\u00edvala tento princ\u00edp nazval <strong>&#8222;homeopatiou&#8220; &#8211; z gr\u00e9ckeho slova <em>homoios<\/em> (podobn\u00fd) a <em>pathos<\/em> (choroba).<\/strong> Klasick\u00fa medic\u00ednu nazval <strong>&#8222;alopatiou&#8220;,<\/strong> \u010do znamen\u00e1 &#8222;opa\u010dn\u00e1 choroba&#8220;.<\/p>\n\n\n\n<p>V&nbsp;19. a&nbsp;20. storo\u010d\u00ed sa homeopatia r\u00fdchlo \u0161\u00edrila cez Eur\u00f3pu do \u00c1zie a Ameriky. Zn\u00e1me s\u00fa \u00faspe\u0161n\u00e9 v\u00fdsledky dosiahnut\u00e9 lie\u010dbou mnoh\u00fdch chor\u00f4b a&nbsp;epid\u00e9mi\u00ed, najm\u00e4 cholery.<\/p>\n\n\n\n<p>Za\u010diatkom 20. storo\u010dia st\u00e1l pri zrode novej \u00e9ry&nbsp; homeopatie George Vithouklas. K&nbsp;s\u00fa\u010dasn\u00fdm svetov\u00fdm homeopatom &nbsp;ktor\u00ed pracuj\u00fa na objavovan\u00ed nov\u00fdch substanci\u00ed, ich systematiz\u00e1ciia a&nbsp;prispievaj\u00fa tak k&nbsp;zv\u00fd\u0161eniu starostlivosti o&nbsp;pacientov lie\u010den\u00fdch homeopaticky patria J Scholten, R. Sankaran, M Yakir, D. Brown, J. Hardy, L. Klein a&nbsp;\u010fal\u0161\u00ed.<\/p>\n\n\n\n<p><strong>HOMEOPATIA VO SVETE<\/strong><\/p>\n\n\n\n<p>. V&nbsp;s\u00fa\u010dasnosti je homeopatia pod\u013ea WHO&nbsp; druh\u00fdm najpou\u017e\u00edvanej\u0161\u00edm syst\u00e9mom lie\u010dby vo svete. Pou\u017e\u00edva sa vo viac ako 80-tich krajin\u00e1ch sveta. Je leg\u00e1lne uznan\u00e1 ako met\u00f3da lie\u010dby v&nbsp;42 krajin\u00e1ch a&nbsp;ako s\u00fa\u010das\u0165 komplement\u00e1rnej a&nbsp;alternat\u00edvnej medic\u00edny v&nbsp;28 krajin\u00e1ch.<\/p>\n\n\n\n<p>V&nbsp;niektor\u00fdch krajin\u00e1ch je za\u010dlenen\u00e1 do syst\u00e9mu zdravotnej starostlivosti a&nbsp;je prepl\u00e1can\u00e1 \u0161t\u00e1tnymi zdravotn\u00fdmi pois\u0165ov\u0148ami.&nbsp;<\/p>\n\n\n\n<p>Homeopatick\u00e9 lieky u\u017e\u00edva pribli\u017ene 25% obyvate\u013eov Eur\u00f3py. Najv\u00e4\u010d\u0161ej ob\u013eube sa te\u0161ia v&nbsp;\u0160vaj\u010diarsku, Nemecku, Franc\u00fazsku, \u00cdrsku, Rusku, Taliansku, Belgicku a&nbsp;Ve\u013ekej Brit\u00e1nii.<\/p>\n\n\n\n<p>V&nbsp;Indii je homeopatia rovnocennou met\u00f3dou lie\u010dby, riadne uz\u00e1konenou ako klasick\u00e1 medic\u00edna a&nbsp;vyu\u010duje sa na homeopatick\u00fdch fakult\u00e1ch, ktor\u00e9 maj\u00fa \u0161tat\u00fat vysok\u00fdch \u0161k\u00f4l. V&nbsp;Indii p\u00f4sob\u00ed viac ako 300&nbsp;000 homeopatov.<\/p>\n\n\n\n<ul class=\"wp-block-list\">\n<li>Homeopatiou sa lie\u010dilo nieko\u013eko p\u00e1pe\u017eov vr\u00e1tane J\u00e1na Pavla II.<\/li>\n\n\n\n<li>&nbsp;Matka Tereza zalo\u017eila v&nbsp;roku 1950 v&nbsp;Kalkate&nbsp; prv\u00fa charitat\u00edvnu homeopatick\u00fa nemocnicu a&nbsp;sama vedela predpisova\u0165 homeopatick\u00e9 lieky<\/li>\n\n\n\n<li>Britsk\u00e1 kr\u00e1\u013eovsk\u00e1 rodina sa lie\u010di v\u00fdhradne homeopaticky a&nbsp;aj preto je vo Ve\u013ekej Brit\u00e1nii nieko\u013eko homeopatick\u00fdch nemocn\u00edc.<\/li>\n<\/ul>\n\n\n\n<p>Homeopatick\u00fa lie\u010dbu pou\u017e\u00edva mnoho \u0161pi\u010dkov\u00fdch \u0161portovcov a&nbsp;prominentn\u00fdch osobnost\u00ed na celom svete<\/p>\n\n\n\n<p><\/p>\n","protected":false},"excerpt":{"rendered":"<p>Z&nbsp;HIST\u00d3RIE HOMEOPATIE U\u017e v 5. storo\u010d\u00ed pr.n.l. gr\u00e9cky lek\u00e1r Hippokrates (asi 460- asi 377) ako prv\u00fd vyslovil my\u0161lienku zalo\u017een\u00fa na princ\u00edpe ,,podobn\u00e9 nech je lie\u010den\u00e9 podobn\u00fdm&#8220;. T\u00e1to te\u00f3ria vych\u00e1dza z predpokladu, \u017ee l\u00e1tka, ktor\u00e1 je schopn\u00e1 vyvola\u0165 pr\u00edznaky ochorenia u zdrav\u00e9ho jedinca, dok\u00e1\u017ee lie\u010di\u0165 podobn\u00e9 pr\u00edznaky po\u010das choroby. Za zakladate\u013ea s\u00fa\u010dasnej homeopatie sa v\u0161ak pova\u017euje [&hellip;]<\/p>\n","protected":false},"author":1,"featured_media":0,"parent":0,"menu_order":0,"comment_status":"closed","ping_status":"closed","template":"","meta":{"_monsterinsights_skip_tracking":false,"_monsterinsights_sitenote_active":false,"_monsterinsights_sitenote_note":"","_monsterinsights_sitenote_category":0,"footnotes":""},"class_list":["post-89","page","type-page","status-publish","hentry"],"yoast_head":"<!-- This site is optimized with the Yoast SEO plugin v22.3 - https:\/\/yoast.com\/wordpress\/plugins\/seo\/ -->\n<title>HIST\u00d3RIA HOMEOPATIE - Homeopatia Ko\u0161ice<\/title>\n<meta name=\"robots\" content=\"index, follow, max-snippet:-1, max-image-preview:large, max-video-preview:-1\" \/>\n<link rel=\"canonical\" href=\"https:\/\/www.homeopatiakosice.sk\/?page_id=89\" \/>\n<meta property=\"og:locale\" content=\"sk_SK\" \/>\n<meta property=\"og:type\" content=\"article\" \/>\n<meta property=\"og:title\" content=\"HIST\u00d3RIA HOMEOPATIE - Homeopatia Ko\u0161ice\" \/>\n<meta property=\"og:description\" content=\"Z&nbsp;HIST\u00d3RIE HOMEOPATIE U\u017e v 5. storo\u010d\u00ed pr.n.l. gr\u00e9cky lek\u00e1r Hippokrates (asi 460- asi 377) ako prv\u00fd vyslovil my\u0161lienku zalo\u017een\u00fa na princ\u00edpe ,,podobn\u00e9 nech je lie\u010den\u00e9 podobn\u00fdm&#8220;. T\u00e1to te\u00f3ria vych\u00e1dza z predpokladu, \u017ee l\u00e1tka, ktor\u00e1 je schopn\u00e1 vyvola\u0165 pr\u00edznaky ochorenia u zdrav\u00e9ho jedinca, dok\u00e1\u017ee lie\u010di\u0165 podobn\u00e9 pr\u00edznaky po\u010das choroby. Za zakladate\u013ea s\u00fa\u010dasnej homeopatie sa v\u0161ak pova\u017euje [&hellip;]\" \/>\n<meta property=\"og:url\" content=\"https:\/\/www.homeopatiakosice.sk\/?page_id=89\" \/>\n<meta property=\"og:site_name\" content=\"Homeopatia Ko\u0161ice\" \/>\n<meta property=\"article:modified_time\" content=\"2024-12-28T19:57:54+00:00\" \/>\n<meta name=\"twitter:card\" content=\"summary_large_image\" \/>\n<meta name=\"twitter:label1\" content=\"Predpokladan\u00fd \u010das \u010d\u00edtania\" \/>\n\t<meta name=\"twitter:data1\" content=\"3 min\u00faty\" \/>\n<script type=\"application\/ld+json\" class=\"yoast-schema-graph\">{\"@context\":\"https:\/\/schema.org\",\"@graph\":[{\"@type\":\"WebPage\",\"@id\":\"https:\/\/www.homeopatiakosice.sk\/?page_id=89\",\"url\":\"https:\/\/www.homeopatiakosice.sk\/?page_id=89\",\"name\":\"HIST\u00d3RIA HOMEOPATIE - Homeopatia Ko\u0161ice\",\"isPartOf\":{\"@id\":\"https:\/\/www.homeopatiakosice.sk\/#website\"},\"datePublished\":\"2024-03-24T10:41:55+00:00\",\"dateModified\":\"2024-12-28T19:57:54+00:00\",\"breadcrumb\":{\"@id\":\"https:\/\/www.homeopatiakosice.sk\/?page_id=89#breadcrumb\"},\"inLanguage\":\"sk-SK\",\"potentialAction\":[{\"@type\":\"ReadAction\",\"target\":[\"https:\/\/www.homeopatiakosice.sk\/?page_id=89\"]}]},{\"@type\":\"BreadcrumbList\",\"@id\":\"https:\/\/www.homeopatiakosice.sk\/?page_id=89#breadcrumb\",\"itemListElement\":[{\"@type\":\"ListItem\",\"position\":1,\"name\":\"Home\",\"item\":\"https:\/\/www.homeopatiakosice.sk\/\"},{\"@type\":\"ListItem\",\"position\":2,\"name\":\"HIST\u00d3RIA HOMEOPATIE\"}]},{\"@type\":\"WebSite\",\"@id\":\"https:\/\/www.homeopatiakosice.sk\/#website\",\"url\":\"https:\/\/www.homeopatiakosice.sk\/\",\"name\":\"Homeopatia Ko\u0161ice\",\"description\":\"\",\"potentialAction\":[{\"@type\":\"SearchAction\",\"target\":{\"@type\":\"EntryPoint\",\"urlTemplate\":\"https:\/\/www.homeopatiakosice.sk\/?s={search_term_string}\"},\"query-input\":\"required name=search_term_string\"}],\"inLanguage\":\"sk-SK\"}]}<\/script>\n<!-- \/ Yoast SEO plugin. -->","yoast_head_json":{"title":"HIST\u00d3RIA HOMEOPATIE - Homeopatia Ko\u0161ice","robots":{"index":"index","follow":"follow","max-snippet":"max-snippet:-1","max-image-preview":"max-image-preview:large","max-video-preview":"max-video-preview:-1"},"canonical":"https:\/\/www.homeopatiakosice.sk\/?page_id=89","og_locale":"sk_SK","og_type":"article","og_title":"HIST\u00d3RIA HOMEOPATIE - Homeopatia Ko\u0161ice","og_description":"Z&nbsp;HIST\u00d3RIE HOMEOPATIE U\u017e v 5. storo\u010d\u00ed pr.n.l. gr\u00e9cky lek\u00e1r Hippokrates (asi 460- asi 377) ako prv\u00fd vyslovil my\u0161lienku zalo\u017een\u00fa na princ\u00edpe ,,podobn\u00e9 nech je lie\u010den\u00e9 podobn\u00fdm&#8220;. T\u00e1to te\u00f3ria vych\u00e1dza z predpokladu, \u017ee l\u00e1tka, ktor\u00e1 je schopn\u00e1 vyvola\u0165 pr\u00edznaky ochorenia u zdrav\u00e9ho jedinca, dok\u00e1\u017ee lie\u010di\u0165 podobn\u00e9 pr\u00edznaky po\u010das choroby. Za zakladate\u013ea s\u00fa\u010dasnej homeopatie sa v\u0161ak pova\u017euje [&hellip;]","og_url":"https:\/\/www.homeopatiakosice.sk\/?page_id=89","og_site_name":"Homeopatia Ko\u0161ice","article_modified_time":"2024-12-28T19:57:54+00:00","twitter_card":"summary_large_image","twitter_misc":{"Predpokladan\u00fd \u010das \u010d\u00edtania":"3 min\u00faty"},"schema":{"@context":"https:\/\/schema.org","@graph":[{"@type":"WebPage","@id":"https:\/\/www.homeopatiakosice.sk\/?page_id=89","url":"https:\/\/www.homeopatiakosice.sk\/?page_id=89","name":"HIST\u00d3RIA HOMEOPATIE - Homeopatia Ko\u0161ice","isPartOf":{"@id":"https:\/\/www.homeopatiakosice.sk\/#website"},"datePublished":"2024-03-24T10:41:55+00:00","dateModified":"2024-12-28T19:57:54+00:00","breadcrumb":{"@id":"https:\/\/www.homeopatiakosice.sk\/?page_id=89#breadcrumb"},"inLanguage":"sk-SK","potentialAction":[{"@type":"ReadAction","target":["https:\/\/www.homeopatiakosice.sk\/?page_id=89"]}]},{"@type":"BreadcrumbList","@id":"https:\/\/www.homeopatiakosice.sk\/?page_id=89#breadcrumb","itemListElement":[{"@type":"ListItem","position":1,"name":"Home","item":"https:\/\/www.homeopatiakosice.sk\/"},{"@type":"ListItem","position":2,"name":"HIST\u00d3RIA HOMEOPATIE"}]},{"@type":"WebSite","@id":"https:\/\/www.homeopatiakosice.sk\/#website","url":"https:\/\/www.homeopatiakosice.sk\/","name":"Homeopatia Ko\u0161ice","description":"","potentialAction":[{"@type":"SearchAction","target":{"@type":"EntryPoint","urlTemplate":"https:\/\/www.homeopatiakosice.sk\/?s={search_term_string}"},"query-input":"required name=search_term_string"}],"inLanguage":"sk-SK"}]}},"_links":{"self":[{"href":"https:\/\/www.homeopatiakosice.sk\/index.php?rest_route=\/wp\/v2\/pages\/89","targetHints":{"allow":["GET"]}}],"collection":[{"href":"https:\/\/www.homeopatiakosice.sk\/index.php?rest_route=\/wp\/v2\/pages"}],"about":[{"href":"https:\/\/www.homeopatiakosice.sk\/index.php?rest_route=\/wp\/v2\/types\/page"}],"author":[{"embeddable":true,"href":"https:\/\/www.homeopatiakosice.sk\/index.php?rest_route=\/wp\/v2\/users\/1"}],"replies":[{"embeddable":true,"href":"https:\/\/www.homeopatiakosice.sk\/index.php?rest_route=%2Fwp%2Fv2%2Fcomments&post=89"}],"version-history":[{"count":3,"href":"https:\/\/www.homeopatiakosice.sk\/index.php?rest_route=\/wp\/v2\/pages\/89\/revisions"}],"predecessor-version":[{"id":109,"href":"https:\/\/www.homeopatiakosice.sk\/index.php?rest_route=\/wp\/v2\/pages\/89\/revisions\/109"}],"wp:attachment":[{"href":"https:\/\/www.homeopatiakosice.sk\/index.php?rest_route=%2Fwp%2Fv2%2Fmedia&parent=89"}],"curies":[{"name":"wp","href":"https:\/\/api.w.org\/{rel}","templated":true}]}}