{"id":15,"date":"2024-03-18T16:14:00","date_gmt":"2024-03-18T15:14:00","guid":{"rendered":"https:\/\/www.homeopatiakosice.sk\/?page_id=15"},"modified":"2024-12-28T23:36:41","modified_gmt":"2024-12-28T22:36:41","slug":"homeopatia","status":"publish","type":"page","link":"https:\/\/www.homeopatiakosice.sk\/","title":{"rendered":"HOMEOPATIA"},"content":{"rendered":"\n<p><strong>\u010cO JE HOMEOPATIA<\/strong><\/p>\n\n\n\n<p>Homeopatia je \u00fa\u010dinn\u00e1 a&nbsp;bezpe\u010dn\u00e1 met\u00f3da lie\u010dby. Patr\u00ed do oblasti alternat\u00edvnej a&nbsp;komplement\u00e1rnej medic\u00edny a \u010dasto je naz\u00fdvan\u00e1 kr\u00e1\u013eovnou alternat\u00edvnych lie\u010debn\u00fdch met\u00f3d.<\/p>\n\n\n\n<p>Z\u00e1kladn\u00fdm princ\u00edpom homeopatie je princ\u00edp podobnosti &#8211; <strong>\u201esimilia similibus curantur\u201c , teda \u201epodobn\u00e9 sa lie\u010di podobn\u00fdm\u201c. <\/strong>&nbsp;Znamen\u00e1 to, \u017ee pr\u00edznaky, ktor\u00e9 l\u00e1tka dok\u00e1\u017ee vyvola\u0165 u&nbsp;zdrav\u00e9ho \u010dloveka, je schopn\u00e1 u&nbsp;chor\u00e9ho vylie\u010di\u0165.<\/p>\n\n\n\n<p>V&nbsp;skuto\u010dnosti ak je homeopatia pou\u017eit\u00e1 spr\u00e1vne, dok\u00e1\u017ee&nbsp; dosiahnu\u0165 mimoriadne lie\u010div\u00e9 \u00fa\u010dinky a&nbsp;nepotrebuje k&nbsp;tomu \u010fal\u0161ie lieky.<\/p>\n\n\n\n<p>Lie\u010denie vykon\u00e1 samotn\u00fd organizmus. Spr\u00e1vne vybran\u00fd liek je len impulzom, ktor\u00fd vyvol\u00e1 spustenie telu vlastn\u00fdch samoregula\u010dn\u00fdch mechanizmov.<\/p>\n\n\n\n<p>&nbsp;&nbsp;&nbsp;&nbsp;&nbsp;&nbsp;&nbsp;&nbsp; Homeopatick\u00e9 prepar\u00e1ty sa pripravuj\u00fa z&nbsp;l\u00e1tok poch\u00e1dzaj\u00facich z&nbsp;miner\u00e1lnej, rastlinnej, alebo \u017eivo\u010d\u00ed\u0161nej r\u00ed\u0161e potencovan\u00edm a&nbsp;rieden\u00edm. V\u010faka tomu p\u00f4sobia jemnej\u0161ie a&nbsp;\u00fa\u010dinnej\u0161ie ako p\u00f4vodn\u00e9 v\u00fdchodiskov\u00e9 substancie. &nbsp;<\/p>\n\n\n\n<p>Z&nbsp;rastl\u00edn sa macer\u00e1ciou v&nbsp;alkohole z\u00edskava matersk\u00e1 tinkt\u00fara, z&nbsp;ktorej sa vych\u00e1dza pri pr\u00edprave lieku. Pri v\u00fdrobe liekov \u017eivo\u010d\u00ed\u0161neho p\u00f4vodu sa pou\u017e\u00edvaj\u00fa cel\u00e9 \u017eivo\u010d\u00edchy (v\u010dely, pav\u00faky, mravce), ich \u010dasti (pierko vt\u00e1ka) alebo ich produkty (med, jed). Z\u00e1kladom pre pr\u00edpravu liekov z&nbsp;miner\u00e1lnej r\u00ed\u0161e s\u00fa kovy, soli, kyseliny, miner\u00e1ly.<\/p>\n\n\n\n<p><strong>Homeopatick\u00e1 terapia a&nbsp;poradensk\u00e9 slu\u017eby nie s\u00fa hraden\u00e9 zdravotnou pois\u0165ov\u0148ou a&nbsp;nenahr\u00e1dzaj\u00fa&nbsp; n\u00e1v\u0161tevu lek\u00e1ra.<\/strong><\/p>\n\n\n\n<p><strong>PRE\u010cO PR\u00c1VE HOMEOPATIA ?<\/strong><\/p>\n\n\n\n<p><strong>10 d\u00f4vodov pre\u010do sa lie\u010di\u0165 homeopaticky:<\/strong><\/p>\n\n\n\n<ol class=\"wp-block-list\">\n<li><strong>Bezpe\u010dn\u00e1 a jemn\u00e1<\/strong><\/li>\n<\/ol>\n\n\n\n<p>Homeopatik\u00e1 &nbsp;s\u00fa bezpe\u010dn\u00e9 pre v\u0161etky vekov\u00e9 kateg\u00f3rie a&nbsp;obdobia \u017eivota, vr\u00e1tane tehotenstva. Pod\u00e1vaj\u00fa sa vo forme mal\u00fdch globuliek , ktor\u00e9 sa rozpustia v&nbsp;\u00fastach. Dostupn\u00e9 s\u00fa aj vo forme kvapiek a&nbsp;tabliet. Nemaj\u00fa ne\u017eiad\u00face \u00fa\u010dinky v&nbsp;zmysle konven\u010dnej medic\u00edny.<\/p>\n\n\n\n<p>     <strong>2.<\/strong> <strong>Prirodzen\u00e1 a\u00a0harmonick\u00e1<\/strong><\/p>\n\n\n\n<p>Homeopatia &nbsp;ch\u00e1pe chorobu &nbsp;ako poru\u0161enie optim\u00e1lneho rovnov\u00e1\u017eneho stavu organizmu. Pomocou princ\u00edpu podobnosti stimuluje vlastn\u00e9 regula\u010dn\u00e9 mechanizmy organizmu, ktor\u00e9 ho vr\u00e1tia do rovnov\u00e1\u017eneho stavu v&nbsp;akom bol pred chorobou a&nbsp;nastolia stav zdravia.<\/p>\n\n\n\n<p>     <strong>3. Holistick\u00e1<\/strong><\/p>\n\n\n\n<p>V&nbsp;centre z\u00e1ujmu homeopata je cel\u00e1 osobnos\u0165, berie do \u00favahy \u010dloveka ako celok. V\u010faka hlbok\u00e9mu pochopeniu&nbsp; dok\u00e1\u017ee vylie\u010di\u0165 ochorenia zo stresu, psychosomatick\u00e9 ochorenia, autoimunitn\u00e9 procesy a&nbsp;in\u00e9 chronick\u00e9 ochorenia pomocou jedn\u00e9ho lieku, alebo postupnos\u0165ou nieko\u013ek\u00fdch liekov.<\/p>\n\n\n\n<p>     <strong>4.<\/strong> <strong>Pacient v\u00a0centre z\u00e1ujmu<\/strong><\/p>\n\n\n\n<p>&nbsp;Homeopat sa zauj\u00edma&nbsp; nielen o&nbsp; telesn\u00e9 probl\u00e9my, ale aj o du\u0161evn\u00fd stav a&nbsp;podmienky v&nbsp;ak\u00fdch pacient &nbsp;\u017eije, o&nbsp; jeho \u017eivotn\u00fd pr\u00edbeh, &nbsp;celkov\u00fa \u00farove\u0148 jeho du\u0161evn\u00e9ho zdravia a&nbsp;\u017eivotn\u00fd \u0161t\u00fdl.<\/p>\n\n\n\n<p>     <strong>5. Individu\u00e1lny pr\u00edstup<\/strong><\/p>\n\n\n\n<p>&nbsp;Ani jeden pacient nie je lie\u010den\u00fd rovnako. Homeopat mus\u00ed n\u00e1js\u0165 to jedine\u010dn\u00e9, \u010d\u00edm sa \u010dlovek odli\u0161uje od in\u00fdch \u013eud\u00ed.<\/p>\n\n\n\n<p>     <strong>6. Prevent\u00edvna<\/strong><\/p>\n\n\n\n<p>Posil\u0148uje imunitn\u00fd syst\u00e9m a&nbsp;pom\u00e1ha tak predch\u00e1dza\u0165 mnoh\u00fdm potenci\u00e1lnym ochoreniam.<\/p>\n\n\n\n<p>     <strong>7. Praktick\u00e1<\/strong><\/p>\n\n\n\n<p>Homeopatik\u00e1 je mo\u017en\u00e9 pou\u017e\u00edva\u0165 v dom\u00e1cnosti\u00a0pri be\u017en\u00fdch zdravotn\u00fdch \u0165a\u017ekostiach. (po\u0161t\u00edpanie hmyzom, men\u0161ie pop\u00e1leniny, modriny, vyvrtnutia, tr\u00e1viace \u0165a\u017ekosti , ang\u00edna a\u00a0podobne). \u013dahko sa d\u00e1 nau\u010di\u0165 nieko\u013eko z\u00e1kladn\u00fdch liekov, ktor\u00e9 s\u00fa vhodn\u00e9 pre tieto situ\u00e1cii.<\/p>\n\n\n\n<p>Nepodliehaj\u00fa expir\u00e1cii a\u00a0z\u00e1kladn\u00e1 lek\u00e1rni\u010dka je vhodn\u00e1 pre v\u0161etk\u00fdch \u010dlenov rodiny.<\/p>\n\n\n\n<p>    <strong> 8. Ekologick\u00e1<\/strong><\/p>\n\n\n\n<p>Nie s\u00fa testovan\u00e9 na zvierat\u00e1ch a&nbsp;ich pou\u017e\u00edvan\u00edm nevznikaj\u00fa rezidu\u00e1 vo vode a&nbsp;v&nbsp;p\u00f4de.<\/p>\n\n\n\n<p>    <strong>9. Cenovo v\u00fdhodn\u00e1<\/strong><\/p>\n\n\n\n<p>Homeopatik\u00e1 s\u00fa lacn\u00e9 v&nbsp;porovnan\u00ed s&nbsp;konven\u010dn\u00fdmi liekmi a&nbsp;v\u00e4\u010d\u0161inou v\u00fd\u017eivov\u00fdch doplnkov.<\/p>\n\n\n\n<p>    <strong>10. Medic\u00edna bud\u00facnosti<\/strong><\/p>\n\n\n\n<p>Z\u00e1ujem o&nbsp;homeopatiu na celom svete dramaticky rastie.<\/p>\n\n\n\n<p>Homeopatia je medic\u00ednou bud\u00facnosti. Na celom svete pracuje pribli\u017ene 250\u00a0000 homeopatov a\u00a0500 mili\u00f3nov \u013eud\u00ed ju be\u017ene pou\u017e\u00edva.<\/p>\n\n\n\n<p><\/p>\n","protected":false},"excerpt":{"rendered":"<p>\u010cO JE HOMEOPATIA Homeopatia je \u00fa\u010dinn\u00e1 a&nbsp;bezpe\u010dn\u00e1 met\u00f3da lie\u010dby. Patr\u00ed do oblasti alternat\u00edvnej a&nbsp;komplement\u00e1rnej medic\u00edny a \u010dasto je naz\u00fdvan\u00e1 kr\u00e1\u013eovnou alternat\u00edvnych lie\u010debn\u00fdch met\u00f3d. Z\u00e1kladn\u00fdm princ\u00edpom homeopatie je princ\u00edp podobnosti &#8211; \u201esimilia similibus curantur\u201c , teda \u201epodobn\u00e9 sa lie\u010di podobn\u00fdm\u201c. &nbsp;Znamen\u00e1 to, \u017ee pr\u00edznaky, ktor\u00e9 l\u00e1tka dok\u00e1\u017ee vyvola\u0165 u&nbsp;zdrav\u00e9ho \u010dloveka, je schopn\u00e1 u&nbsp;chor\u00e9ho vylie\u010di\u0165. V&nbsp;skuto\u010dnosti ak [&hellip;]<\/p>\n","protected":false},"author":1,"featured_media":0,"parent":0,"menu_order":0,"comment_status":"closed","ping_status":"closed","template":"","meta":{"_monsterinsights_skip_tracking":false,"_monsterinsights_sitenote_active":false,"_monsterinsights_sitenote_note":"","_monsterinsights_sitenote_category":0,"footnotes":""},"class_list":["post-15","page","type-page","status-publish","hentry"],"yoast_head":"<!-- This site is optimized with the Yoast SEO plugin v22.3 - https:\/\/yoast.com\/wordpress\/plugins\/seo\/ -->\n<title>HOMEOPATIA - Homeopatia Ko\u0161ice<\/title>\n<meta name=\"robots\" content=\"index, follow, max-snippet:-1, max-image-preview:large, max-video-preview:-1\" \/>\n<link rel=\"canonical\" href=\"https:\/\/www.homeopatiakosice.sk\/\" \/>\n<meta property=\"og:locale\" content=\"sk_SK\" \/>\n<meta property=\"og:type\" content=\"article\" \/>\n<meta property=\"og:title\" content=\"HOMEOPATIA - Homeopatia Ko\u0161ice\" \/>\n<meta property=\"og:description\" content=\"\u010cO JE HOMEOPATIA Homeopatia je \u00fa\u010dinn\u00e1 a&nbsp;bezpe\u010dn\u00e1 met\u00f3da lie\u010dby. Patr\u00ed do oblasti alternat\u00edvnej a&nbsp;komplement\u00e1rnej medic\u00edny a \u010dasto je naz\u00fdvan\u00e1 kr\u00e1\u013eovnou alternat\u00edvnych lie\u010debn\u00fdch met\u00f3d. Z\u00e1kladn\u00fdm princ\u00edpom homeopatie je princ\u00edp podobnosti &#8211; \u201esimilia similibus curantur\u201c , teda \u201epodobn\u00e9 sa lie\u010di podobn\u00fdm\u201c. &nbsp;Znamen\u00e1 to, \u017ee pr\u00edznaky, ktor\u00e9 l\u00e1tka dok\u00e1\u017ee vyvola\u0165 u&nbsp;zdrav\u00e9ho \u010dloveka, je schopn\u00e1 u&nbsp;chor\u00e9ho vylie\u010di\u0165. V&nbsp;skuto\u010dnosti ak [&hellip;]\" \/>\n<meta property=\"og:url\" content=\"https:\/\/www.homeopatiakosice.sk\/\" \/>\n<meta property=\"og:site_name\" content=\"Homeopatia Ko\u0161ice\" \/>\n<meta property=\"article:modified_time\" content=\"2024-12-28T22:36:41+00:00\" \/>\n<meta name=\"twitter:card\" content=\"summary_large_image\" \/>\n<meta name=\"twitter:label1\" content=\"Predpokladan\u00fd \u010das \u010d\u00edtania\" \/>\n\t<meta name=\"twitter:data1\" content=\"3 min\u00faty\" \/>\n<script type=\"application\/ld+json\" class=\"yoast-schema-graph\">{\"@context\":\"https:\/\/schema.org\",\"@graph\":[{\"@type\":\"WebPage\",\"@id\":\"https:\/\/www.homeopatiakosice.sk\/\",\"url\":\"https:\/\/www.homeopatiakosice.sk\/\",\"name\":\"HOMEOPATIA - Homeopatia Ko\u0161ice\",\"isPartOf\":{\"@id\":\"https:\/\/www.homeopatiakosice.sk\/#website\"},\"datePublished\":\"2024-03-18T15:14:00+00:00\",\"dateModified\":\"2024-12-28T22:36:41+00:00\",\"breadcrumb\":{\"@id\":\"https:\/\/www.homeopatiakosice.sk\/#breadcrumb\"},\"inLanguage\":\"sk-SK\",\"potentialAction\":[{\"@type\":\"ReadAction\",\"target\":[\"https:\/\/www.homeopatiakosice.sk\/\"]}]},{\"@type\":\"BreadcrumbList\",\"@id\":\"https:\/\/www.homeopatiakosice.sk\/#breadcrumb\",\"itemListElement\":[{\"@type\":\"ListItem\",\"position\":1,\"name\":\"Home\",\"item\":\"https:\/\/www.homeopatiakosice.sk\/\"},{\"@type\":\"ListItem\",\"position\":2,\"name\":\"HOMEOPATIA\"}]},{\"@type\":\"WebSite\",\"@id\":\"https:\/\/www.homeopatiakosice.sk\/#website\",\"url\":\"https:\/\/www.homeopatiakosice.sk\/\",\"name\":\"Homeopatia Ko\u0161ice\",\"description\":\"\",\"potentialAction\":[{\"@type\":\"SearchAction\",\"target\":{\"@type\":\"EntryPoint\",\"urlTemplate\":\"https:\/\/www.homeopatiakosice.sk\/?s={search_term_string}\"},\"query-input\":\"required name=search_term_string\"}],\"inLanguage\":\"sk-SK\"}]}<\/script>\n<!-- \/ Yoast SEO plugin. -->","yoast_head_json":{"title":"HOMEOPATIA - Homeopatia Ko\u0161ice","robots":{"index":"index","follow":"follow","max-snippet":"max-snippet:-1","max-image-preview":"max-image-preview:large","max-video-preview":"max-video-preview:-1"},"canonical":"https:\/\/www.homeopatiakosice.sk\/","og_locale":"sk_SK","og_type":"article","og_title":"HOMEOPATIA - Homeopatia Ko\u0161ice","og_description":"\u010cO JE HOMEOPATIA Homeopatia je \u00fa\u010dinn\u00e1 a&nbsp;bezpe\u010dn\u00e1 met\u00f3da lie\u010dby. Patr\u00ed do oblasti alternat\u00edvnej a&nbsp;komplement\u00e1rnej medic\u00edny a \u010dasto je naz\u00fdvan\u00e1 kr\u00e1\u013eovnou alternat\u00edvnych lie\u010debn\u00fdch met\u00f3d. Z\u00e1kladn\u00fdm princ\u00edpom homeopatie je princ\u00edp podobnosti &#8211; \u201esimilia similibus curantur\u201c , teda \u201epodobn\u00e9 sa lie\u010di podobn\u00fdm\u201c. &nbsp;Znamen\u00e1 to, \u017ee pr\u00edznaky, ktor\u00e9 l\u00e1tka dok\u00e1\u017ee vyvola\u0165 u&nbsp;zdrav\u00e9ho \u010dloveka, je schopn\u00e1 u&nbsp;chor\u00e9ho vylie\u010di\u0165. V&nbsp;skuto\u010dnosti ak [&hellip;]","og_url":"https:\/\/www.homeopatiakosice.sk\/","og_site_name":"Homeopatia Ko\u0161ice","article_modified_time":"2024-12-28T22:36:41+00:00","twitter_card":"summary_large_image","twitter_misc":{"Predpokladan\u00fd \u010das \u010d\u00edtania":"3 min\u00faty"},"schema":{"@context":"https:\/\/schema.org","@graph":[{"@type":"WebPage","@id":"https:\/\/www.homeopatiakosice.sk\/","url":"https:\/\/www.homeopatiakosice.sk\/","name":"HOMEOPATIA - Homeopatia Ko\u0161ice","isPartOf":{"@id":"https:\/\/www.homeopatiakosice.sk\/#website"},"datePublished":"2024-03-18T15:14:00+00:00","dateModified":"2024-12-28T22:36:41+00:00","breadcrumb":{"@id":"https:\/\/www.homeopatiakosice.sk\/#breadcrumb"},"inLanguage":"sk-SK","potentialAction":[{"@type":"ReadAction","target":["https:\/\/www.homeopatiakosice.sk\/"]}]},{"@type":"BreadcrumbList","@id":"https:\/\/www.homeopatiakosice.sk\/#breadcrumb","itemListElement":[{"@type":"ListItem","position":1,"name":"Home","item":"https:\/\/www.homeopatiakosice.sk\/"},{"@type":"ListItem","position":2,"name":"HOMEOPATIA"}]},{"@type":"WebSite","@id":"https:\/\/www.homeopatiakosice.sk\/#website","url":"https:\/\/www.homeopatiakosice.sk\/","name":"Homeopatia Ko\u0161ice","description":"","potentialAction":[{"@type":"SearchAction","target":{"@type":"EntryPoint","urlTemplate":"https:\/\/www.homeopatiakosice.sk\/?s={search_term_string}"},"query-input":"required name=search_term_string"}],"inLanguage":"sk-SK"}]}},"_links":{"self":[{"href":"https:\/\/www.homeopatiakosice.sk\/index.php?rest_route=\/wp\/v2\/pages\/15","targetHints":{"allow":["GET"]}}],"collection":[{"href":"https:\/\/www.homeopatiakosice.sk\/index.php?rest_route=\/wp\/v2\/pages"}],"about":[{"href":"https:\/\/www.homeopatiakosice.sk\/index.php?rest_route=\/wp\/v2\/types\/page"}],"author":[{"embeddable":true,"href":"https:\/\/www.homeopatiakosice.sk\/index.php?rest_route=\/wp\/v2\/users\/1"}],"replies":[{"embeddable":true,"href":"https:\/\/www.homeopatiakosice.sk\/index.php?rest_route=%2Fwp%2Fv2%2Fcomments&post=15"}],"version-history":[{"count":5,"href":"https:\/\/www.homeopatiakosice.sk\/index.php?rest_route=\/wp\/v2\/pages\/15\/revisions"}],"predecessor-version":[{"id":113,"href":"https:\/\/www.homeopatiakosice.sk\/index.php?rest_route=\/wp\/v2\/pages\/15\/revisions\/113"}],"wp:attachment":[{"href":"https:\/\/www.homeopatiakosice.sk\/index.php?rest_route=%2Fwp%2Fv2%2Fmedia&parent=15"}],"curies":[{"name":"wp","href":"https:\/\/api.w.org\/{rel}","templated":true}]}}