{"id":14,"date":"2024-03-18T16:14:00","date_gmt":"2024-03-18T15:14:00","guid":{"rendered":"https:\/\/www.homeopatiakosice.sk\/?page_id=14"},"modified":"2024-12-28T20:42:08","modified_gmt":"2024-12-28T19:42:08","slug":"kontakt","status":"publish","type":"page","link":"https:\/\/www.homeopatiakosice.sk\/?page_id=14","title":{"rendered":"KONTAKT"},"content":{"rendered":"\n<p><strong>Adresa<\/strong>:  Centrum homeopatie  <\/p>\n\n\n\n<p> \u010cerme\u013esk\u00e1 3, Ko\u0161ice<\/p>\n\n\n\n<p><strong>Telef\u00f3n:<\/strong> <\/p>\n\n\n\n<p>+421 903 614\u00a0192<\/p>\n\n\n\n<p><strong>Email:   <\/strong><\/p>\n\n\n\n<p><strong>  <\/strong><a href=\"mailto:homeokosice@gmail.com\">homeokosice@gmail.com<\/a><\/p>\n\n\n\n<p><\/p>\n","protected":false},"excerpt":{"rendered":"<p>Adresa: Centrum homeopatie \u010cerme\u013esk\u00e1 3, Ko\u0161ice Telef\u00f3n: +421 903 614\u00a0192 Email: homeokosice@gmail.com<\/p>\n","protected":false},"author":1,"featured_media":0,"parent":0,"menu_order":0,"comment_status":"closed","ping_status":"closed","template":"","meta":{"_monsterinsights_skip_tracking":false,"_monsterinsights_sitenote_active":false,"_monsterinsights_sitenote_note":"","_monsterinsights_sitenote_category":0,"footnotes":""},"class_list":["post-14","page","type-page","status-publish","hentry"],"yoast_head":"<!-- This site is optimized with the Yoast SEO plugin v22.3 - https:\/\/yoast.com\/wordpress\/plugins\/seo\/ -->\n<title>KONTAKT - Homeopatia Ko\u0161ice<\/title>\n<meta name=\"robots\" content=\"index, follow, max-snippet:-1, max-image-preview:large, max-video-preview:-1\" \/>\n<link rel=\"canonical\" href=\"https:\/\/www.homeopatiakosice.sk\/?page_id=14\" \/>\n<meta property=\"og:locale\" content=\"sk_SK\" \/>\n<meta property=\"og:type\" content=\"article\" \/>\n<meta property=\"og:title\" content=\"KONTAKT - Homeopatia Ko\u0161ice\" \/>\n<meta property=\"og:description\" content=\"Adresa: Centrum homeopatie \u010cerme\u013esk\u00e1 3, Ko\u0161ice Telef\u00f3n: +421 903 614\u00a0192 Email: homeokosice@gmail.com\" \/>\n<meta property=\"og:url\" content=\"https:\/\/www.homeopatiakosice.sk\/?page_id=14\" \/>\n<meta property=\"og:site_name\" content=\"Homeopatia Ko\u0161ice\" \/>\n<meta property=\"article:modified_time\" content=\"2024-12-28T19:42:08+00:00\" \/>\n<meta name=\"twitter:card\" content=\"summary_large_image\" \/>\n<meta name=\"twitter:label1\" content=\"Predpokladan\u00fd \u010das \u010d\u00edtania\" \/>\n\t<meta name=\"twitter:data1\" content=\"1 min\u00fata\" \/>\n<script type=\"application\/ld+json\" class=\"yoast-schema-graph\">{\"@context\":\"https:\/\/schema.org\",\"@graph\":[{\"@type\":\"WebPage\",\"@id\":\"https:\/\/www.homeopatiakosice.sk\/?page_id=14\",\"url\":\"https:\/\/www.homeopatiakosice.sk\/?page_id=14\",\"name\":\"KONTAKT - Homeopatia Ko\u0161ice\",\"isPartOf\":{\"@id\":\"https:\/\/www.homeopatiakosice.sk\/#website\"},\"datePublished\":\"2024-03-18T15:14:00+00:00\",\"dateModified\":\"2024-12-28T19:42:08+00:00\",\"breadcrumb\":{\"@id\":\"https:\/\/www.homeopatiakosice.sk\/?page_id=14#breadcrumb\"},\"inLanguage\":\"sk-SK\",\"potentialAction\":[{\"@type\":\"ReadAction\",\"target\":[\"https:\/\/www.homeopatiakosice.sk\/?page_id=14\"]}]},{\"@type\":\"BreadcrumbList\",\"@id\":\"https:\/\/www.homeopatiakosice.sk\/?page_id=14#breadcrumb\",\"itemListElement\":[{\"@type\":\"ListItem\",\"position\":1,\"name\":\"Home\",\"item\":\"https:\/\/www.homeopatiakosice.sk\/\"},{\"@type\":\"ListItem\",\"position\":2,\"name\":\"KONTAKT\"}]},{\"@type\":\"WebSite\",\"@id\":\"https:\/\/www.homeopatiakosice.sk\/#website\",\"url\":\"https:\/\/www.homeopatiakosice.sk\/\",\"name\":\"Homeopatia Ko\u0161ice\",\"description\":\"\",\"potentialAction\":[{\"@type\":\"SearchAction\",\"target\":{\"@type\":\"EntryPoint\",\"urlTemplate\":\"https:\/\/www.homeopatiakosice.sk\/?s={search_term_string}\"},\"query-input\":\"required name=search_term_string\"}],\"inLanguage\":\"sk-SK\"}]}<\/script>\n<!-- \/ Yoast SEO plugin. -->","yoast_head_json":{"title":"KONTAKT - Homeopatia Ko\u0161ice","robots":{"index":"index","follow":"follow","max-snippet":"max-snippet:-1","max-image-preview":"max-image-preview:large","max-video-preview":"max-video-preview:-1"},"canonical":"https:\/\/www.homeopatiakosice.sk\/?page_id=14","og_locale":"sk_SK","og_type":"article","og_title":"KONTAKT - Homeopatia Ko\u0161ice","og_description":"Adresa: Centrum homeopatie \u010cerme\u013esk\u00e1 3, Ko\u0161ice Telef\u00f3n: +421 903 614\u00a0192 Email: homeokosice@gmail.com","og_url":"https:\/\/www.homeopatiakosice.sk\/?page_id=14","og_site_name":"Homeopatia Ko\u0161ice","article_modified_time":"2024-12-28T19:42:08+00:00","twitter_card":"summary_large_image","twitter_misc":{"Predpokladan\u00fd \u010das \u010d\u00edtania":"1 min\u00fata"},"schema":{"@context":"https:\/\/schema.org","@graph":[{"@type":"WebPage","@id":"https:\/\/www.homeopatiakosice.sk\/?page_id=14","url":"https:\/\/www.homeopatiakosice.sk\/?page_id=14","name":"KONTAKT - Homeopatia Ko\u0161ice","isPartOf":{"@id":"https:\/\/www.homeopatiakosice.sk\/#website"},"datePublished":"2024-03-18T15:14:00+00:00","dateModified":"2024-12-28T19:42:08+00:00","breadcrumb":{"@id":"https:\/\/www.homeopatiakosice.sk\/?page_id=14#breadcrumb"},"inLanguage":"sk-SK","potentialAction":[{"@type":"ReadAction","target":["https:\/\/www.homeopatiakosice.sk\/?page_id=14"]}]},{"@type":"BreadcrumbList","@id":"https:\/\/www.homeopatiakosice.sk\/?page_id=14#breadcrumb","itemListElement":[{"@type":"ListItem","position":1,"name":"Home","item":"https:\/\/www.homeopatiakosice.sk\/"},{"@type":"ListItem","position":2,"name":"KONTAKT"}]},{"@type":"WebSite","@id":"https:\/\/www.homeopatiakosice.sk\/#website","url":"https:\/\/www.homeopatiakosice.sk\/","name":"Homeopatia Ko\u0161ice","description":"","potentialAction":[{"@type":"SearchAction","target":{"@type":"EntryPoint","urlTemplate":"https:\/\/www.homeopatiakosice.sk\/?s={search_term_string}"},"query-input":"required name=search_term_string"}],"inLanguage":"sk-SK"}]}},"_links":{"self":[{"href":"https:\/\/www.homeopatiakosice.sk\/index.php?rest_route=\/wp\/v2\/pages\/14","targetHints":{"allow":["GET"]}}],"collection":[{"href":"https:\/\/www.homeopatiakosice.sk\/index.php?rest_route=\/wp\/v2\/pages"}],"about":[{"href":"https:\/\/www.homeopatiakosice.sk\/index.php?rest_route=\/wp\/v2\/types\/page"}],"author":[{"embeddable":true,"href":"https:\/\/www.homeopatiakosice.sk\/index.php?rest_route=\/wp\/v2\/users\/1"}],"replies":[{"embeddable":true,"href":"https:\/\/www.homeopatiakosice.sk\/index.php?rest_route=%2Fwp%2Fv2%2Fcomments&post=14"}],"version-history":[{"count":5,"href":"https:\/\/www.homeopatiakosice.sk\/index.php?rest_route=\/wp\/v2\/pages\/14\/revisions"}],"predecessor-version":[{"id":105,"href":"https:\/\/www.homeopatiakosice.sk\/index.php?rest_route=\/wp\/v2\/pages\/14\/revisions\/105"}],"wp:attachment":[{"href":"https:\/\/www.homeopatiakosice.sk\/index.php?rest_route=%2Fwp%2Fv2%2Fmedia&parent=14"}],"curies":[{"name":"wp","href":"https:\/\/api.w.org\/{rel}","templated":true}]}}