{"id":12,"date":"2024-03-18T16:14:00","date_gmt":"2024-03-18T15:14:00","guid":{"rendered":"https:\/\/www.homeopatiakosice.sk\/?page_id=12"},"modified":"2024-12-28T20:51:56","modified_gmt":"2024-12-28T19:51:56","slug":"cennik","status":"publish","type":"page","link":"https:\/\/www.homeopatiakosice.sk\/?page_id=12","title":{"rendered":"CENN\u00cdK"},"content":{"rendered":"\n<p><\/p>\n\n\n\n<p class=\"has-medium-font-size\"><strong>Konzult\u00e1cia chronick\u00e9ho (dlhodob\u00e9ho) stavu<\/strong><\/p>\n\n\n\n<p>V&nbsp;trvan\u00ed&nbsp; 90 \u2013 120 &nbsp;min\u00fat<\/p>\n\n\n\n<p>V\u00a0cene je zahrnut\u00e9  homeopatikum<\/p>\n\n\n\n<p class=\"has-medium-font-size\"><strong>&nbsp;&nbsp;&nbsp;&nbsp;&nbsp;&nbsp;&nbsp;&nbsp;&nbsp;&nbsp;&nbsp;&nbsp;&nbsp;&nbsp;&nbsp;&nbsp;&nbsp;&nbsp;&nbsp;&nbsp;&nbsp;&nbsp;&nbsp;&nbsp; 100,- EUR<\/strong><\/p>\n\n\n\n<p>&nbsp;&nbsp;&nbsp;&nbsp;&nbsp;&nbsp;&nbsp;&nbsp;&nbsp;&nbsp;&nbsp;&nbsp;&nbsp;&nbsp;&nbsp;&nbsp;&nbsp;&nbsp;&nbsp;&nbsp;&nbsp;&nbsp;&nbsp;&nbsp;&nbsp;&nbsp;<\/p>\n\n\n\n<p class=\"has-medium-font-size\"><strong>Homeopatick\u00e1 kontrola<\/strong><\/p>\n\n\n\n<p>v&nbsp;trvan\u00ed pribli\u017ene 30 \u2013 45&nbsp; min\u00fat<\/p>\n\n\n\n<p>pribli\u017ene 6 t\u00fd\u017ed\u0148ov od prvej konzult\u00e1cie chronick\u00e9ho stavu, alebo pod\u013ea potreby a\u00a0stavu klienta<\/p>\n\n\n\n<p>Homeopatikum je zahrnut\u00e9 v&nbsp;cene<\/p>\n\n\n\n<p class=\"has-medium-font-size\"><strong>&nbsp;&nbsp;&nbsp;&nbsp;&nbsp;&nbsp;&nbsp;&nbsp;&nbsp;&nbsp;&nbsp;&nbsp;&nbsp;&nbsp;&nbsp;&nbsp;&nbsp;&nbsp;&nbsp;&nbsp;&nbsp;&nbsp;&nbsp;&nbsp; 50,- EUR<\/strong><\/p>\n\n\n\n<p><strong>&nbsp;&nbsp;&nbsp;&nbsp;&nbsp;&nbsp;&nbsp;&nbsp;&nbsp;&nbsp;&nbsp;&nbsp;&nbsp;&nbsp;&nbsp;&nbsp;&nbsp;&nbsp;&nbsp;&nbsp; &nbsp;&nbsp;&nbsp;&nbsp;<\/strong><\/p>\n\n\n\n<p class=\"has-medium-font-size\"><strong>Konzult\u00e1cia ak\u00fatneho stavu<\/strong><\/p>\n\n\n\n<p>V&nbsp;trvan\u00ed cca 30 min\u00fat. V&nbsp;cene nie je zahrnut\u00e9 homeopatikum<\/p>\n\n\n\n<p class=\"has-medium-font-size\">&nbsp;&nbsp;&nbsp;&nbsp;&nbsp;&nbsp;&nbsp;&nbsp;&nbsp;&nbsp;&nbsp;&nbsp;&nbsp;&nbsp;&nbsp;&nbsp;&nbsp;&nbsp;&nbsp;&nbsp;&nbsp;&nbsp;&nbsp;&nbsp; <strong>40,-&nbsp; EUR<\/strong><\/p>\n\n\n\n<p>&nbsp;&nbsp;&nbsp;&nbsp;&nbsp;&nbsp;&nbsp;&nbsp;&nbsp;&nbsp;&nbsp;&nbsp;&nbsp;&nbsp;&nbsp;&nbsp;&nbsp;&nbsp;&nbsp;&nbsp;&nbsp;&nbsp;&nbsp;&nbsp;<\/p>\n\n\n\n<p><strong>Homeopatick\u00e1 terapia a&nbsp;poradensk\u00e9 slu\u017eby nie s\u00fa hraden\u00e9 zdravotnou pois\u0165ov\u0148ou a&nbsp;nenahr\u00e1dzaj\u00fa&nbsp; n\u00e1v\u0161tevu lek\u00e1ra.<\/strong><\/p>\n\n\n\n<p><\/p>\n","protected":false},"excerpt":{"rendered":"<p>Konzult\u00e1cia chronick\u00e9ho (dlhodob\u00e9ho) stavu V&nbsp;trvan\u00ed&nbsp; 90 \u2013 120 &nbsp;min\u00fat V\u00a0cene je zahrnut\u00e9 homeopatikum &nbsp;&nbsp;&nbsp;&nbsp;&nbsp;&nbsp;&nbsp;&nbsp;&nbsp;&nbsp;&nbsp;&nbsp;&nbsp;&nbsp;&nbsp;&nbsp;&nbsp;&nbsp;&nbsp;&nbsp;&nbsp;&nbsp;&nbsp;&nbsp; 100,- EUR &nbsp;&nbsp;&nbsp;&nbsp;&nbsp;&nbsp;&nbsp;&nbsp;&nbsp;&nbsp;&nbsp;&nbsp;&nbsp;&nbsp;&nbsp;&nbsp;&nbsp;&nbsp;&nbsp;&nbsp;&nbsp;&nbsp;&nbsp;&nbsp;&nbsp;&nbsp; Homeopatick\u00e1 kontrola v&nbsp;trvan\u00ed pribli\u017ene 30 \u2013 45&nbsp; min\u00fat pribli\u017ene 6 t\u00fd\u017ed\u0148ov od prvej konzult\u00e1cie chronick\u00e9ho stavu, alebo pod\u013ea potreby a\u00a0stavu klienta Homeopatikum je zahrnut\u00e9 v&nbsp;cene &nbsp;&nbsp;&nbsp;&nbsp;&nbsp;&nbsp;&nbsp;&nbsp;&nbsp;&nbsp;&nbsp;&nbsp;&nbsp;&nbsp;&nbsp;&nbsp;&nbsp;&nbsp;&nbsp;&nbsp;&nbsp;&nbsp;&nbsp;&nbsp; 50,- EUR &nbsp;&nbsp;&nbsp;&nbsp;&nbsp;&nbsp;&nbsp;&nbsp;&nbsp;&nbsp;&nbsp;&nbsp;&nbsp;&nbsp;&nbsp;&nbsp;&nbsp;&nbsp;&nbsp;&nbsp; &nbsp;&nbsp;&nbsp;&nbsp; Konzult\u00e1cia ak\u00fatneho stavu V&nbsp;trvan\u00ed cca 30 min\u00fat. V&nbsp;cene [&hellip;]<\/p>\n","protected":false},"author":1,"featured_media":0,"parent":0,"menu_order":0,"comment_status":"closed","ping_status":"closed","template":"","meta":{"_monsterinsights_skip_tracking":false,"_monsterinsights_sitenote_active":false,"_monsterinsights_sitenote_note":"","_monsterinsights_sitenote_category":0,"footnotes":""},"class_list":["post-12","page","type-page","status-publish","hentry"],"yoast_head":"<!-- This site is optimized with the Yoast SEO plugin v22.3 - https:\/\/yoast.com\/wordpress\/plugins\/seo\/ -->\n<title>CENN\u00cdK - Homeopatia Ko\u0161ice<\/title>\n<meta name=\"description\" content=\"cennik , price, cena\" \/>\n<meta name=\"robots\" content=\"index, follow, max-snippet:-1, max-image-preview:large, max-video-preview:-1\" \/>\n<link rel=\"canonical\" href=\"https:\/\/www.homeopatiakosice.sk\/?page_id=12\" \/>\n<meta property=\"og:locale\" content=\"sk_SK\" \/>\n<meta property=\"og:type\" content=\"article\" \/>\n<meta property=\"og:title\" content=\"CENN\u00cdK - Homeopatia Ko\u0161ice\" \/>\n<meta property=\"og:description\" content=\"cennik , price, cena\" \/>\n<meta property=\"og:url\" content=\"https:\/\/www.homeopatiakosice.sk\/?page_id=12\" \/>\n<meta property=\"og:site_name\" content=\"Homeopatia Ko\u0161ice\" \/>\n<meta property=\"article:modified_time\" content=\"2024-12-28T19:51:56+00:00\" \/>\n<meta name=\"twitter:card\" content=\"summary_large_image\" \/>\n<meta name=\"twitter:label1\" content=\"Predpokladan\u00fd \u010das \u010d\u00edtania\" \/>\n\t<meta name=\"twitter:data1\" content=\"1 min\u00fata\" \/>\n<script type=\"application\/ld+json\" class=\"yoast-schema-graph\">{\"@context\":\"https:\/\/schema.org\",\"@graph\":[{\"@type\":\"WebPage\",\"@id\":\"https:\/\/www.homeopatiakosice.sk\/?page_id=12\",\"url\":\"https:\/\/www.homeopatiakosice.sk\/?page_id=12\",\"name\":\"CENN\u00cdK - Homeopatia Ko\u0161ice\",\"isPartOf\":{\"@id\":\"https:\/\/www.homeopatiakosice.sk\/#website\"},\"datePublished\":\"2024-03-18T15:14:00+00:00\",\"dateModified\":\"2024-12-28T19:51:56+00:00\",\"description\":\"cennik , price, cena\",\"breadcrumb\":{\"@id\":\"https:\/\/www.homeopatiakosice.sk\/?page_id=12#breadcrumb\"},\"inLanguage\":\"sk-SK\",\"potentialAction\":[{\"@type\":\"ReadAction\",\"target\":[\"https:\/\/www.homeopatiakosice.sk\/?page_id=12\"]}]},{\"@type\":\"BreadcrumbList\",\"@id\":\"https:\/\/www.homeopatiakosice.sk\/?page_id=12#breadcrumb\",\"itemListElement\":[{\"@type\":\"ListItem\",\"position\":1,\"name\":\"Home\",\"item\":\"https:\/\/www.homeopatiakosice.sk\/\"},{\"@type\":\"ListItem\",\"position\":2,\"name\":\"CENN\u00cdK\"}]},{\"@type\":\"WebSite\",\"@id\":\"https:\/\/www.homeopatiakosice.sk\/#website\",\"url\":\"https:\/\/www.homeopatiakosice.sk\/\",\"name\":\"Homeopatia Ko\u0161ice\",\"description\":\"\",\"potentialAction\":[{\"@type\":\"SearchAction\",\"target\":{\"@type\":\"EntryPoint\",\"urlTemplate\":\"https:\/\/www.homeopatiakosice.sk\/?s={search_term_string}\"},\"query-input\":\"required name=search_term_string\"}],\"inLanguage\":\"sk-SK\"}]}<\/script>\n<!-- \/ Yoast SEO plugin. -->","yoast_head_json":{"title":"CENN\u00cdK - Homeopatia Ko\u0161ice","description":"cennik , price, cena","robots":{"index":"index","follow":"follow","max-snippet":"max-snippet:-1","max-image-preview":"max-image-preview:large","max-video-preview":"max-video-preview:-1"},"canonical":"https:\/\/www.homeopatiakosice.sk\/?page_id=12","og_locale":"sk_SK","og_type":"article","og_title":"CENN\u00cdK - Homeopatia Ko\u0161ice","og_description":"cennik , price, cena","og_url":"https:\/\/www.homeopatiakosice.sk\/?page_id=12","og_site_name":"Homeopatia Ko\u0161ice","article_modified_time":"2024-12-28T19:51:56+00:00","twitter_card":"summary_large_image","twitter_misc":{"Predpokladan\u00fd \u010das \u010d\u00edtania":"1 min\u00fata"},"schema":{"@context":"https:\/\/schema.org","@graph":[{"@type":"WebPage","@id":"https:\/\/www.homeopatiakosice.sk\/?page_id=12","url":"https:\/\/www.homeopatiakosice.sk\/?page_id=12","name":"CENN\u00cdK - Homeopatia Ko\u0161ice","isPartOf":{"@id":"https:\/\/www.homeopatiakosice.sk\/#website"},"datePublished":"2024-03-18T15:14:00+00:00","dateModified":"2024-12-28T19:51:56+00:00","description":"cennik , price, cena","breadcrumb":{"@id":"https:\/\/www.homeopatiakosice.sk\/?page_id=12#breadcrumb"},"inLanguage":"sk-SK","potentialAction":[{"@type":"ReadAction","target":["https:\/\/www.homeopatiakosice.sk\/?page_id=12"]}]},{"@type":"BreadcrumbList","@id":"https:\/\/www.homeopatiakosice.sk\/?page_id=12#breadcrumb","itemListElement":[{"@type":"ListItem","position":1,"name":"Home","item":"https:\/\/www.homeopatiakosice.sk\/"},{"@type":"ListItem","position":2,"name":"CENN\u00cdK"}]},{"@type":"WebSite","@id":"https:\/\/www.homeopatiakosice.sk\/#website","url":"https:\/\/www.homeopatiakosice.sk\/","name":"Homeopatia Ko\u0161ice","description":"","potentialAction":[{"@type":"SearchAction","target":{"@type":"EntryPoint","urlTemplate":"https:\/\/www.homeopatiakosice.sk\/?s={search_term_string}"},"query-input":"required name=search_term_string"}],"inLanguage":"sk-SK"}]}},"_links":{"self":[{"href":"https:\/\/www.homeopatiakosice.sk\/index.php?rest_route=\/wp\/v2\/pages\/12","targetHints":{"allow":["GET"]}}],"collection":[{"href":"https:\/\/www.homeopatiakosice.sk\/index.php?rest_route=\/wp\/v2\/pages"}],"about":[{"href":"https:\/\/www.homeopatiakosice.sk\/index.php?rest_route=\/wp\/v2\/types\/page"}],"author":[{"embeddable":true,"href":"https:\/\/www.homeopatiakosice.sk\/index.php?rest_route=\/wp\/v2\/users\/1"}],"replies":[{"embeddable":true,"href":"https:\/\/www.homeopatiakosice.sk\/index.php?rest_route=%2Fwp%2Fv2%2Fcomments&post=12"}],"version-history":[{"count":5,"href":"https:\/\/www.homeopatiakosice.sk\/index.php?rest_route=\/wp\/v2\/pages\/12\/revisions"}],"predecessor-version":[{"id":107,"href":"https:\/\/www.homeopatiakosice.sk\/index.php?rest_route=\/wp\/v2\/pages\/12\/revisions\/107"}],"wp:attachment":[{"href":"https:\/\/www.homeopatiakosice.sk\/index.php?rest_route=%2Fwp%2Fv2%2Fmedia&parent=12"}],"curies":[{"name":"wp","href":"https:\/\/api.w.org\/{rel}","templated":true}]}}