{"id":11,"date":"2024-03-18T16:14:00","date_gmt":"2024-03-18T15:14:00","guid":{"rendered":"https:\/\/www.homeopatiakosice.sk\/?page_id=11"},"modified":"2024-03-18T20:58:18","modified_gmt":"2024-03-18T19:58:18","slug":"konzultacie","status":"publish","type":"page","link":"https:\/\/www.homeopatiakosice.sk\/?page_id=11","title":{"rendered":"KONZULT\u00c1CIE"},"content":{"rendered":"\n<p><strong>Ako prebieha homeopatick\u00e1 konzult\u00e1cia<\/strong><\/p>\n\n\n\n<p>Homeopatick\u00e9 vy\u0161etrenie prebieha formou osobn\u00e9ho alebo on line rozhovoru, ktor\u00fd v&nbsp;pr\u00edpade dlhodob\u00fdch \u0165a\u017ekost\u00ed trv\u00e1 pribli\u017ene 1,5 a\u017e 2 hodiny. Po\u010das neho homeopat zis\u0165uje charakteristick\u00e9 telesn\u00e9&nbsp; a&nbsp;du\u0161evn\u00e9 pr\u00edznaky klienta, celkov\u00fa \u00farove\u0148 jeho du\u0161evn\u00e9ho zdravia a&nbsp;\u017eivotn\u00fd \u0161t\u00fdl na pozad\u00ed jeho \u017eivotn\u00e9ho pr\u00edbehu. Pod\u013ea z\u00edskan\u00fdch inform\u00e1ci\u00ed ur\u010d\u00ed liek, ktor\u00fd najviac zodpoved\u00e1 t\u00fdmto pr\u00edznakom.<\/p>\n\n\n\n<p><strong>Ak\u00fatne stavy<\/strong><\/p>\n\n\n\n<p>Konzult\u00e1cia ak\u00fatneho stavu trv\u00e1 pribli\u017ene 30 min\u00fat.<\/p>\n\n\n\n<p>Homeopat sa zauj\u00edma o&nbsp;mo\u017en\u00fa pr\u00ed\u010dinu vzniknut\u00e9ho stavu ( napr. vystavenie chladu vetru, da\u017e\u010fu, dlh\u0161iemu pobytu na slnku ), ako &nbsp;aj o&nbsp;prejavy ktor\u00e9 dan\u00fd stav sprev\u00e1dzaj\u00fa ( sm\u00e4d alebo jeho absencia, \u010derstv\u00fd vzduch, zlep\u0161enie \u2013 zhor\u0161enie pohybom, seden\u00edm, le\u017ean\u00edm&nbsp; a&nbsp;podobne. Je preto d\u00f4le\u017eit\u00e9, aby klient vedel tieto faktory pop\u00edsa\u0165.<\/p>\n\n\n\n<p><strong>Ak\u00fatne chorenia pri ktor\u00fdch homeopatick\u00e1 terapia pom\u00e1ha<\/strong><\/p>\n\n\n\n<ul class=\"wp-block-list\">\n<li>ang\u00edny<\/li>\n\n\n\n<li>hor\u00fa\u010dky<\/li>\n\n\n\n<li>infekcie d\u00fdchac\u00edch ciest, laryngit\u00eddy<\/li>\n\n\n\n<li>hna\u010dky, \u010drevn\u00e9 vir\u00f3zy<\/li>\n\n\n\n<li>tr\u00e1viace \u0165a\u017ekosti<\/li>\n\n\n\n<li>vracanie<\/li>\n\n\n\n<li>z\u00e1paly u\u0161\u00ed a&nbsp;o\u010d\u00ed<\/li>\n\n\n\n<li>detsk\u00e9 infek\u010dn\u00e9 ochorenia<\/li>\n\n\n\n<li>bolesti hlavy<\/li>\n\n\n\n<li>bolesti zubov, pomoc pri stomatologick\u00fdch z\u00e1krokoch<\/li>\n\n\n\n<li>z\u00e1paly mo\u010dov\u00fdch ciest<\/li>\n\n\n\n<li>probl\u00e9my v&nbsp;tehotenstve<\/li>\n\n\n\n<li>\u00farazy, pop\u00e1leniny, po\u0161t\u00edpanie hmyzom, zlomeniny<\/li>\n\n\n\n<li>poopera\u010dn\u00e9 stavy<\/li>\n\n\n\n<li>mnoh\u00e9 \u010fal\u0161ie<\/li>\n<\/ul>\n\n\n\n<p><strong>Chronick\u00e9 ochorenia &nbsp;&#8211; kon\u0161titu\u010dn\u00e1 terapia<\/strong><\/p>\n\n\n\n<p>Vstupn\u00e1 konzult\u00e1cia trv\u00e1 pribli\u017ene 90 \u2013 120 min\u00fat.<\/p>\n\n\n\n<p>Jej cie\u013eom je zamera\u0165 sa na jedine\u010dnos\u0165 klienta,&nbsp; prejavy \u0165a\u017ekost\u00ed, celkov\u00fd stav fyzick\u00e9ho i&nbsp;ment\u00e1lneho zdravia, vn\u00edmanie okolit\u00e9ho prostredia a&nbsp;jeho vplyvov, kvalitu&nbsp; sp\u00e1nku, chute a averzie k&nbsp;jedl\u00e1m, vn\u00edmanie tepla a&nbsp;chladu, sny, strachy, z\u00e1\u013euby a&nbsp;pod.<\/p>\n\n\n\n<p>Kontroln\u00e1 konzult\u00e1cia po cca 4 a\u017e 6 t\u00fd\u017ed\u0148och b\u00fdva v&nbsp;trvan\u00ed 30 \u2013 45 min\u00fat a sl\u00fa\u017ei na zhodnotenie v\u00fdsledkov doteraj\u0161ej terapie a&nbsp;na rozhodnutie o&nbsp;postupe \u010fal\u0161ej lie\u010dby.<\/p>\n\n\n\n<p><strong>Chronick\u00e9 chorenia pri ktor\u00fdch homeopatick\u00e1 terapia pom\u00e1ha<\/strong><\/p>\n\n\n\n<ul class=\"wp-block-list\">\n<li>autoimunitn\u00e9 ochorenia<\/li>\n\n\n\n<li>ekz\u00e9my, psori\u00e1za<\/li>\n\n\n\n<li>alergie<\/li>\n\n\n\n<li>astma<\/li>\n\n\n\n<li>depresie, panick\u00e9 poruchy<\/li>\n\n\n\n<li>reumatizmus<\/li>\n\n\n\n<li>sklerosis multiplex<\/li>\n\n\n\n<li>epilepsia<\/li>\n\n\n\n<li>ADHD<\/li>\n\n\n\n<li>autizmus<\/li>\n\n\n\n<li>a&nbsp;mnoh\u00e9 \u010fal\u0161ie<\/li>\n<\/ul>\n\n\n\n<p><strong>Homeopatick\u00e1 terapia a&nbsp;poradensk\u00e9 slu\u017eby nie s\u00fa hraden\u00e9 zdravotnou pois\u0165ov\u0148ou a&nbsp;nenahr\u00e1dzaj\u00fa&nbsp; n\u00e1v\u0161tevu lek\u00e1ra.<\/strong><\/p>\n","protected":false},"excerpt":{"rendered":"<p>Ako prebieha homeopatick\u00e1 konzult\u00e1cia Homeopatick\u00e9 vy\u0161etrenie prebieha formou osobn\u00e9ho alebo on line rozhovoru, ktor\u00fd v&nbsp;pr\u00edpade dlhodob\u00fdch \u0165a\u017ekost\u00ed trv\u00e1 pribli\u017ene 1,5 a\u017e 2 hodiny. Po\u010das neho homeopat zis\u0165uje charakteristick\u00e9 telesn\u00e9&nbsp; a&nbsp;du\u0161evn\u00e9 pr\u00edznaky klienta, celkov\u00fa \u00farove\u0148 jeho du\u0161evn\u00e9ho zdravia a&nbsp;\u017eivotn\u00fd \u0161t\u00fdl na pozad\u00ed jeho \u017eivotn\u00e9ho pr\u00edbehu. Pod\u013ea z\u00edskan\u00fdch inform\u00e1ci\u00ed ur\u010d\u00ed liek, ktor\u00fd najviac zodpoved\u00e1 t\u00fdmto pr\u00edznakom. Ak\u00fatne [&hellip;]<\/p>\n","protected":false},"author":1,"featured_media":0,"parent":0,"menu_order":0,"comment_status":"closed","ping_status":"closed","template":"","meta":{"_monsterinsights_skip_tracking":false,"_monsterinsights_sitenote_active":false,"_monsterinsights_sitenote_note":"","_monsterinsights_sitenote_category":0,"footnotes":""},"class_list":["post-11","page","type-page","status-publish","hentry"],"yoast_head":"<!-- This site is optimized with the Yoast SEO plugin v22.3 - https:\/\/yoast.com\/wordpress\/plugins\/seo\/ -->\n<title>KONZULT\u00c1CIE - Homeopatia Ko\u0161ice<\/title>\n<meta name=\"robots\" content=\"index, follow, max-snippet:-1, max-image-preview:large, max-video-preview:-1\" \/>\n<link rel=\"canonical\" href=\"https:\/\/www.homeopatiakosice.sk\/?page_id=11\" \/>\n<meta property=\"og:locale\" content=\"sk_SK\" \/>\n<meta property=\"og:type\" content=\"article\" \/>\n<meta property=\"og:title\" content=\"KONZULT\u00c1CIE - Homeopatia Ko\u0161ice\" \/>\n<meta property=\"og:description\" content=\"Ako prebieha homeopatick\u00e1 konzult\u00e1cia Homeopatick\u00e9 vy\u0161etrenie prebieha formou osobn\u00e9ho alebo on line rozhovoru, ktor\u00fd v&nbsp;pr\u00edpade dlhodob\u00fdch \u0165a\u017ekost\u00ed trv\u00e1 pribli\u017ene 1,5 a\u017e 2 hodiny. Po\u010das neho homeopat zis\u0165uje charakteristick\u00e9 telesn\u00e9&nbsp; a&nbsp;du\u0161evn\u00e9 pr\u00edznaky klienta, celkov\u00fa \u00farove\u0148 jeho du\u0161evn\u00e9ho zdravia a&nbsp;\u017eivotn\u00fd \u0161t\u00fdl na pozad\u00ed jeho \u017eivotn\u00e9ho pr\u00edbehu. Pod\u013ea z\u00edskan\u00fdch inform\u00e1ci\u00ed ur\u010d\u00ed liek, ktor\u00fd najviac zodpoved\u00e1 t\u00fdmto pr\u00edznakom. Ak\u00fatne [&hellip;]\" \/>\n<meta property=\"og:url\" content=\"https:\/\/www.homeopatiakosice.sk\/?page_id=11\" \/>\n<meta property=\"og:site_name\" content=\"Homeopatia Ko\u0161ice\" \/>\n<meta property=\"article:modified_time\" content=\"2024-03-18T19:58:18+00:00\" \/>\n<meta name=\"twitter:card\" content=\"summary_large_image\" \/>\n<meta name=\"twitter:label1\" content=\"Predpokladan\u00fd \u010das \u010d\u00edtania\" \/>\n\t<meta name=\"twitter:data1\" content=\"2 min\u00faty\" \/>\n<script type=\"application\/ld+json\" class=\"yoast-schema-graph\">{\"@context\":\"https:\/\/schema.org\",\"@graph\":[{\"@type\":\"WebPage\",\"@id\":\"https:\/\/www.homeopatiakosice.sk\/?page_id=11\",\"url\":\"https:\/\/www.homeopatiakosice.sk\/?page_id=11\",\"name\":\"KONZULT\u00c1CIE - Homeopatia Ko\u0161ice\",\"isPartOf\":{\"@id\":\"https:\/\/www.homeopatiakosice.sk\/#website\"},\"datePublished\":\"2024-03-18T15:14:00+00:00\",\"dateModified\":\"2024-03-18T19:58:18+00:00\",\"breadcrumb\":{\"@id\":\"https:\/\/www.homeopatiakosice.sk\/?page_id=11#breadcrumb\"},\"inLanguage\":\"sk-SK\",\"potentialAction\":[{\"@type\":\"ReadAction\",\"target\":[\"https:\/\/www.homeopatiakosice.sk\/?page_id=11\"]}]},{\"@type\":\"BreadcrumbList\",\"@id\":\"https:\/\/www.homeopatiakosice.sk\/?page_id=11#breadcrumb\",\"itemListElement\":[{\"@type\":\"ListItem\",\"position\":1,\"name\":\"Home\",\"item\":\"https:\/\/www.homeopatiakosice.sk\/\"},{\"@type\":\"ListItem\",\"position\":2,\"name\":\"KONZULT\u00c1CIE\"}]},{\"@type\":\"WebSite\",\"@id\":\"https:\/\/www.homeopatiakosice.sk\/#website\",\"url\":\"https:\/\/www.homeopatiakosice.sk\/\",\"name\":\"Homeopatia Ko\u0161ice\",\"description\":\"\",\"potentialAction\":[{\"@type\":\"SearchAction\",\"target\":{\"@type\":\"EntryPoint\",\"urlTemplate\":\"https:\/\/www.homeopatiakosice.sk\/?s={search_term_string}\"},\"query-input\":\"required name=search_term_string\"}],\"inLanguage\":\"sk-SK\"}]}<\/script>\n<!-- \/ Yoast SEO plugin. -->","yoast_head_json":{"title":"KONZULT\u00c1CIE - Homeopatia Ko\u0161ice","robots":{"index":"index","follow":"follow","max-snippet":"max-snippet:-1","max-image-preview":"max-image-preview:large","max-video-preview":"max-video-preview:-1"},"canonical":"https:\/\/www.homeopatiakosice.sk\/?page_id=11","og_locale":"sk_SK","og_type":"article","og_title":"KONZULT\u00c1CIE - Homeopatia Ko\u0161ice","og_description":"Ako prebieha homeopatick\u00e1 konzult\u00e1cia Homeopatick\u00e9 vy\u0161etrenie prebieha formou osobn\u00e9ho alebo on line rozhovoru, ktor\u00fd v&nbsp;pr\u00edpade dlhodob\u00fdch \u0165a\u017ekost\u00ed trv\u00e1 pribli\u017ene 1,5 a\u017e 2 hodiny. Po\u010das neho homeopat zis\u0165uje charakteristick\u00e9 telesn\u00e9&nbsp; a&nbsp;du\u0161evn\u00e9 pr\u00edznaky klienta, celkov\u00fa \u00farove\u0148 jeho du\u0161evn\u00e9ho zdravia a&nbsp;\u017eivotn\u00fd \u0161t\u00fdl na pozad\u00ed jeho \u017eivotn\u00e9ho pr\u00edbehu. Pod\u013ea z\u00edskan\u00fdch inform\u00e1ci\u00ed ur\u010d\u00ed liek, ktor\u00fd najviac zodpoved\u00e1 t\u00fdmto pr\u00edznakom. Ak\u00fatne [&hellip;]","og_url":"https:\/\/www.homeopatiakosice.sk\/?page_id=11","og_site_name":"Homeopatia Ko\u0161ice","article_modified_time":"2024-03-18T19:58:18+00:00","twitter_card":"summary_large_image","twitter_misc":{"Predpokladan\u00fd \u010das \u010d\u00edtania":"2 min\u00faty"},"schema":{"@context":"https:\/\/schema.org","@graph":[{"@type":"WebPage","@id":"https:\/\/www.homeopatiakosice.sk\/?page_id=11","url":"https:\/\/www.homeopatiakosice.sk\/?page_id=11","name":"KONZULT\u00c1CIE - Homeopatia Ko\u0161ice","isPartOf":{"@id":"https:\/\/www.homeopatiakosice.sk\/#website"},"datePublished":"2024-03-18T15:14:00+00:00","dateModified":"2024-03-18T19:58:18+00:00","breadcrumb":{"@id":"https:\/\/www.homeopatiakosice.sk\/?page_id=11#breadcrumb"},"inLanguage":"sk-SK","potentialAction":[{"@type":"ReadAction","target":["https:\/\/www.homeopatiakosice.sk\/?page_id=11"]}]},{"@type":"BreadcrumbList","@id":"https:\/\/www.homeopatiakosice.sk\/?page_id=11#breadcrumb","itemListElement":[{"@type":"ListItem","position":1,"name":"Home","item":"https:\/\/www.homeopatiakosice.sk\/"},{"@type":"ListItem","position":2,"name":"KONZULT\u00c1CIE"}]},{"@type":"WebSite","@id":"https:\/\/www.homeopatiakosice.sk\/#website","url":"https:\/\/www.homeopatiakosice.sk\/","name":"Homeopatia Ko\u0161ice","description":"","potentialAction":[{"@type":"SearchAction","target":{"@type":"EntryPoint","urlTemplate":"https:\/\/www.homeopatiakosice.sk\/?s={search_term_string}"},"query-input":"required name=search_term_string"}],"inLanguage":"sk-SK"}]}},"_links":{"self":[{"href":"https:\/\/www.homeopatiakosice.sk\/index.php?rest_route=\/wp\/v2\/pages\/11","targetHints":{"allow":["GET"]}}],"collection":[{"href":"https:\/\/www.homeopatiakosice.sk\/index.php?rest_route=\/wp\/v2\/pages"}],"about":[{"href":"https:\/\/www.homeopatiakosice.sk\/index.php?rest_route=\/wp\/v2\/types\/page"}],"author":[{"embeddable":true,"href":"https:\/\/www.homeopatiakosice.sk\/index.php?rest_route=\/wp\/v2\/users\/1"}],"replies":[{"embeddable":true,"href":"https:\/\/www.homeopatiakosice.sk\/index.php?rest_route=%2Fwp%2Fv2%2Fcomments&post=11"}],"version-history":[{"count":2,"href":"https:\/\/www.homeopatiakosice.sk\/index.php?rest_route=\/wp\/v2\/pages\/11\/revisions"}],"predecessor-version":[{"id":65,"href":"https:\/\/www.homeopatiakosice.sk\/index.php?rest_route=\/wp\/v2\/pages\/11\/revisions\/65"}],"wp:attachment":[{"href":"https:\/\/www.homeopatiakosice.sk\/index.php?rest_route=%2Fwp%2Fv2%2Fmedia&parent=11"}],"curies":[{"name":"wp","href":"https:\/\/api.w.org\/{rel}","templated":true}]}}